{"id":682,"date":"2026-02-04T23:23:48","date_gmt":"2026-02-04T23:23:48","guid":{"rendered":"https:\/\/jeanlaveriano.com\/?page_id=682"},"modified":"2026-03-12T17:22:47","modified_gmt":"2026-03-12T17:22:47","slug":"about","status":"publish","type":"page","link":"https:\/\/jeanlaveriano.com\/pt\/about\/","title":{"rendered":"Sobre"},"content":{"rendered":"<section class=\"l-section wpb_row height_medium\" id=\"about\"><div class=\"l-section-h i-cf\"><div class=\"g-cols vc_row via_grid cols_1-2 laptops-cols_inherit tablets-cols_1 mobiles-cols_1 valign_top type_default stacking_default\" style=\"--columns-gap:8vh;\"><div class=\"wpb_column vc_column_container us_custom_7b75a928 has_bg_color\"><div class=\"vc_column-inner\"><\/div><\/div><div class=\"wpb_column vc_column_container\"><div class=\"vc_column-inner\"><h2 class=\"w-text\"><span class=\"w-text-h\"><span class=\"w-text-value\">Sou Jean Laveriano, editor de v\u00eddeo criativo e criador de conte\u00fado.<\/span><\/span><\/h2><div class=\"w-separator size_small\"><\/div><div class=\"wpb_text_column us_custom_e3ec571e\"><div class=\"wpb_wrapper\"><p data-start=\"254\" data-end=\"610\">Sou editor de v\u00eddeo e criador audiovisual, movido pelo desejo de transformar ideias em hist\u00f3rias visuais aut\u00eanticas. Sou bacharel em Comunica\u00e7\u00e3o Social \u2013 Publicidade e Marketing pela Universidade de Bras\u00edlia (UnB), curso conclu\u00eddo entre 2018 e 2022, que me proporcionou uma s\u00f3lida forma\u00e7\u00e3o em comunica\u00e7\u00e3o, branding e storytelling estrat\u00e9gico.<\/p>\n<p data-start=\"612\" data-end=\"815\">Ao longo da minha carreira, trabalhei em projetos para cursos, marcas e plataformas digitais, colaborando com diversos profissionais para criar conte\u00fado que combina est\u00e9tica, narrativa e prop\u00f3sito.<\/p>\n<p data-start=\"817\" data-end=\"988\">Acredito que todo v\u00eddeo precisa de identidade, ritmo e inten\u00e7\u00e3o. \u00c9 por isso que meu processo vai al\u00e9m da edi\u00e7\u00e3o t\u00e9cnica. Envolve escuta ativa, an\u00e1lise e cria\u00e7\u00e3o estrat\u00e9gica.<\/p>\n<p data-start=\"990\" data-end=\"1149\">Utilizo ferramentas modernas, incluindo intelig\u00eancia artificial, como suporte ao processo criativo, priorizando sempre a perspectiva humana e a sensibilidade art\u00edstica.<\/p>\n<p data-start=\"1151\" data-end=\"1251\">Meu objetivo \u00e9 criar v\u00eddeos que n\u00e3o apenas informem, mas tamb\u00e9m construam conex\u00f5es reais com o p\u00fablico.<\/p>\n<\/div><\/div><\/div><\/div><\/div><\/div><\/section><section class=\"l-section wpb_row height_auto width_custom\" style=\"--site-content-width:780px;\"><div class=\"l-section-h i-cf\"><div class=\"g-cols vc_row via_grid cols_4 laptops-cols_inherit tablets-cols_inherit mobiles-cols_4 valign_middle type_default stacking_default\" style=\"--columns-gap:0rem;\"><div class=\"wpb_column vc_column_container\"><div class=\"vc_column-inner\"><div class=\"g-cols wpb_row via_grid cols_1 laptops-cols_inherit tablets-cols_inherit mobiles-cols_1 valign_middle type_default stacking_default\" style=\"--columns-gap:3rem;\"><div class=\"wpb_column vc_column_container\"><div class=\"vc_column-inner\"><div class=\"w-image us_custom_a40b315c has_ratio align_center\"><div class=\"w-image-h\"><div style=\"padding-bottom:100%\"><\/div><img decoding=\"async\" width=\"256\" height=\"256\" src=\"https:\/\/jeanlaveriano.com\/wp-content\/uploads\/2026\/02\/premiere-pro.png\" class=\"attachment-full size-full\" alt=\"\" loading=\"lazy\" \/><\/div><\/div><\/div><\/div><\/div><\/div><\/div><div class=\"wpb_column vc_column_container\"><div class=\"vc_column-inner\"><div class=\"w-image us_custom_a40b315c has_ratio align_center\"><div class=\"w-image-h\"><div style=\"padding-bottom:100%\"><\/div><img decoding=\"async\" width=\"256\" height=\"256\" src=\"https:\/\/jeanlaveriano.com\/wp-content\/uploads\/2026\/02\/after-effects.png\" class=\"attachment-full size-full\" alt=\"\" loading=\"lazy\" \/><\/div><\/div><\/div><\/div><div class=\"wpb_column vc_column_container\"><div class=\"vc_column-inner\"><div class=\"w-image us_custom_a40b315c has_ratio align_center\"><div class=\"w-image-h\"><div style=\"padding-bottom:100%\"><\/div><img decoding=\"async\" width=\"256\" height=\"256\" src=\"https:\/\/jeanlaveriano.com\/wp-content\/uploads\/2026\/02\/capcut.png\" class=\"attachment-full size-full\" alt=\"\" loading=\"lazy\" \/><\/div><\/div><\/div><\/div><div class=\"wpb_column vc_column_container\"><div class=\"vc_column-inner\"><div class=\"w-image us_custom_a40b315c has_ratio align_center\"><div class=\"w-image-h\"><div style=\"padding-bottom:100%\"><\/div><img decoding=\"async\" width=\"256\" height=\"256\" src=\"https:\/\/jeanlaveriano.com\/wp-content\/uploads\/2026\/02\/photoshop.png\" class=\"attachment-full size-full\" alt=\"\" loading=\"lazy\" \/><\/div><\/div><\/div><\/div><\/div><\/div><\/section><section class=\"l-section wpb_row height_custom width_custom\" style=\"--site-content-width:800px;\"><div class=\"l-section-h i-cf\"><div class=\"g-cols vc_row via_grid cols_1 laptops-cols_inherit tablets-cols_inherit mobiles-cols_1 valign_top type_default stacking_default\"><div class=\"wpb_column vc_column_container\"><div class=\"vc_column-inner\"><div class=\"wpb_text_column\"><div class=\"wpb_wrapper\"><h2><strong>Profissional <\/strong>Experi\u00eancia<\/h2>\n<\/div><\/div><div class=\"w-separator us_custom_67b6827d size_medium has_font_size with_line width_default thick_1 style_solid color_border align_none with_content\"><div class=\"w-separator-h\"><i class=\"fas fa-arrow-down\"><\/i><\/div><\/div><div class=\"g-cols wpb_row via_grid cols_1-3 laptops-cols_inherit tablets-cols_inherit mobiles-cols_1 valign_top type_default stacking_default\" style=\"--columns-gap:3rem;\"><div class=\"wpb_column vc_column_container\"><div class=\"vc_column-inner\"><h3 class=\"w-text us_custom_6745946f has_text_color\"><span class=\"w-text-h\"><span class=\"w-text-value\">2019-2021<\/span><\/span><\/h3><\/div><\/div><div class=\"wpb_column vc_column_container\"><div class=\"vc_column-inner\"><div class=\"wpb_text_column\"><div class=\"wpb_wrapper\"><p><strong>Servi\u00e7o Geol\u00f3gico do Brasil (SGB\/CPRM) \u2013 Est\u00e1gio em Comunica\u00e7\u00e3o<\/strong><\/p>\n<p>Edi\u00e7\u00e3o de conte\u00fado para redes sociais, monitoramento de desempenho e relat\u00f3rios de redes sociais.<\/p>\n<\/div><\/div><\/div><\/div><\/div><div class=\"w-separator us_custom_67b6827d size_medium has_font_size with_line width_default thick_1 style_solid color_border align_none with_content\"><div class=\"w-separator-h\"><i class=\"fas fa-arrow-down\"><\/i><\/div><\/div><div class=\"g-cols wpb_row via_grid cols_1-3 laptops-cols_inherit tablets-cols_inherit mobiles-cols_1 valign_top type_default stacking_default\" style=\"--columns-gap:3rem;\"><div class=\"wpb_column vc_column_container\"><div class=\"vc_column-inner\"><h3 class=\"w-text us_custom_6745946f has_text_color\"><span class=\"w-text-h\"><span class=\"w-text-value\">2021-2022<\/span><\/span><\/h3><\/div><\/div><div class=\"wpb_column vc_column_container\"><div class=\"vc_column-inner\"><div class=\"wpb_text_column\"><div class=\"wpb_wrapper\"><p><strong>Minist\u00e9rio da Economia \u2013 Est\u00e1gio em Edi\u00e7\u00e3o de V\u00eddeo<\/strong><\/p>\n<p>Edi\u00e7\u00e3o de v\u00eddeo para as redes sociais do Programa de Parcerias de Investimento (PPI).<\/p>\n<\/div><\/div><\/div><\/div><\/div><div class=\"w-separator us_custom_67b6827d size_medium has_font_size with_line width_default thick_1 style_solid color_border align_none with_content\"><div class=\"w-separator-h\"><i class=\"fas fa-arrow-down\"><\/i><\/div><\/div><div class=\"g-cols wpb_row via_grid cols_1-3 laptops-cols_inherit tablets-cols_inherit mobiles-cols_1 valign_top type_default stacking_default\" style=\"--columns-gap:3rem;\"><div class=\"wpb_column vc_column_container\"><div class=\"vc_column-inner\"><h3 class=\"w-text us_custom_6745946f has_text_color\"><span class=\"w-text-h\"><span class=\"w-text-value\">2022-2023<\/span><\/span><\/h3><\/div><\/div><div class=\"wpb_column vc_column_container\"><div class=\"vc_column-inner\"><div class=\"wpb_text_column\"><div class=\"wpb_wrapper\"><p><strong>Lead Comunica\u00e7\u00e3o \u2013 Projetos Publicit\u00e1rios<\/strong><\/p>\n<p>Trabalho freelancer como gestor de redes sociais, web designer, editor de v\u00eddeo e designer de eventos.<\/p>\n<\/div><\/div><\/div><\/div><\/div><div class=\"w-separator us_custom_67b6827d size_medium has_font_size with_line width_default thick_1 style_solid color_border align_none with_content\"><div class=\"w-separator-h\"><i class=\"fas fa-arrow-down\"><\/i><\/div><\/div><div class=\"g-cols wpb_row via_grid cols_1-3 laptops-cols_inherit tablets-cols_inherit mobiles-cols_1 valign_top type_default stacking_default\" style=\"--columns-gap:3rem;\"><div class=\"wpb_column vc_column_container\"><div class=\"vc_column-inner\"><h3 class=\"w-text us_custom_6745946f has_text_color\"><span class=\"w-text-h\"><span class=\"w-text-value\">2023 \u2013 Presente<\/span><\/span><\/h3><\/div><\/div><div class=\"wpb_column vc_column_container\"><div class=\"vc_column-inner\"><div class=\"wpb_text_column\"><div class=\"wpb_wrapper\"><p><strong data-start=\"700\" data-end=\"719\">Igni\u00e7\u00e3o Digital \u2013\u00a0<\/strong><strong data-start=\"722\" data-end=\"749\">Editor e produtor de v\u00eddeo<\/strong><\/p>\n<p>Respons\u00e1vel pela produ\u00e7\u00e3o, grava\u00e7\u00e3o e edi\u00e7\u00e3o de conte\u00fado audiovisual criativo, gest\u00e3o de transmiss\u00f5es ao vivo, captura e transmiss\u00e3o de eventos e desenvolvimento de conte\u00fado em m\u00faltiplos formatos para plataformas de m\u00eddias sociais. Tamb\u00e9m me especializo em produ\u00e7\u00e3o de v\u00eddeos com foco em storytelling para eventos e campanhas digitais.<\/p>\n<\/div><\/div><\/div><\/div><\/div><\/div><\/div><\/div><\/div><\/section>","protected":false},"excerpt":{"rendered":"","protected":false},"author":1,"featured_media":0,"parent":0,"menu_order":0,"comment_status":"closed","ping_status":"closed","template":"","meta":{"_acf_changed":false,"_monsterinsights_skip_tracking":false,"_monsterinsights_sitenote_active":false,"_monsterinsights_sitenote_note":"","_monsterinsights_sitenote_category":0,"footnotes":""},"class_list":["post-682","page","type-page","status-publish","hentry"],"acf":[],"aioseo_notices":[],"_hostinger_reach_plugin_has_subscription_block":false,"_hostinger_reach_plugin_is_elementor":false,"_links":{"self":[{"href":"https:\/\/jeanlaveriano.com\/pt\/wp-json\/wp\/v2\/pages\/682","targetHints":{"allow":["GET"]}}],"collection":[{"href":"https:\/\/jeanlaveriano.com\/pt\/wp-json\/wp\/v2\/pages"}],"about":[{"href":"https:\/\/jeanlaveriano.com\/pt\/wp-json\/wp\/v2\/types\/page"}],"author":[{"embeddable":true,"href":"https:\/\/jeanlaveriano.com\/pt\/wp-json\/wp\/v2\/users\/1"}],"replies":[{"embeddable":true,"href":"https:\/\/jeanlaveriano.com\/pt\/wp-json\/wp\/v2\/comments?post=682"}],"version-history":[{"count":21,"href":"https:\/\/jeanlaveriano.com\/pt\/wp-json\/wp\/v2\/pages\/682\/revisions"}],"predecessor-version":[{"id":737,"href":"https:\/\/jeanlaveriano.com\/pt\/wp-json\/wp\/v2\/pages\/682\/revisions\/737"}],"wp:attachment":[{"href":"https:\/\/jeanlaveriano.com\/pt\/wp-json\/wp\/v2\/media?parent=682"}],"curies":[{"name":"wp","href":"https:\/\/api.w.org\/{rel}","templated":true}]}}